{"id":1679,"date":"2025-06-18T10:19:51","date_gmt":"2025-06-18T08:19:51","guid":{"rendered":"https:\/\/my.kustom.ch\/raiffeisen\/?post_type=product&#038;p=1679"},"modified":"2025-06-18T10:35:08","modified_gmt":"2025-06-18T08:35:08","slug":"craft-evolve-rain-jacket-w","status":"publish","type":"product","link":"https:\/\/my.kustom.ch\/raiffeisen\/produkt\/craft-evolve-rain-jacket-w\/","title":{"rendered":"Craft Evolve Rain Jacket W"},"content":{"rendered":"<p>Evolve Rain Jacket ist eine leichte Regenjacke f\u00fcr das Training bei nassen Bedingungen. Diese Jacke hat verschweisste N\u00e4hte f\u00fcr eine optimale Wasserdichtigkeit und weiches Mesh-Futter f\u00fcr einen effizienten Feuchtigkeitstransport. Zudem verf\u00fcgt sie \u00fcber zwei Seitentaschen und eine falt- und verstaubare Kapuze.<\/p>\n<p>\u2022 Wind- und wasserabweisendes Material aus 100% Recycling-Polyester, WP 3000\/MVP 3000<\/p>\n<p>\u2022 Mesh-Futter<\/p>\n<p>\u2022 Verschweisste N\u00e4hte<\/p>\n<p>\u2022 Zwei Seitentaschen<\/p>\n<p>\u2022 Falt- und verstaubare Kapuze<\/p>\n<p>\u2022 Normale Passform<\/p>\n","protected":false},"excerpt":{"rendered":"<p>Farbe: schwarz<\/p>\n","protected":false},"featured_media":1689,"template":"","meta":[],"product_brand":[],"product_cat":[15],"product_tag":[],"class_list":{"0":"post-1679","1":"product","2":"type-product","3":"status-publish","4":"has-post-thumbnail","6":"product_cat-unkategorisiert","8":"first","9":"instock","10":"taxable","11":"shipping-taxable","12":"purchasable","13":"product-type-variable"},"_links":{"self":[{"href":"https:\/\/my.kustom.ch\/raiffeisen\/wp-json\/wp\/v2\/product\/1679","targetHints":{"allow":["GET"]}}],"collection":[{"href":"https:\/\/my.kustom.ch\/raiffeisen\/wp-json\/wp\/v2\/product"}],"about":[{"href":"https:\/\/my.kustom.ch\/raiffeisen\/wp-json\/wp\/v2\/types\/product"}],"wp:featuredmedia":[{"embeddable":true,"href":"https:\/\/my.kustom.ch\/raiffeisen\/wp-json\/wp\/v2\/media\/1689"}],"wp:attachment":[{"href":"https:\/\/my.kustom.ch\/raiffeisen\/wp-json\/wp\/v2\/media?parent=1679"}],"wp:term":[{"taxonomy":"product_brand","embeddable":true,"href":"https:\/\/my.kustom.ch\/raiffeisen\/wp-json\/wp\/v2\/product_brand?post=1679"},{"taxonomy":"product_cat","embeddable":true,"href":"https:\/\/my.kustom.ch\/raiffeisen\/wp-json\/wp\/v2\/product_cat?post=1679"},{"taxonomy":"product_tag","embeddable":true,"href":"https:\/\/my.kustom.ch\/raiffeisen\/wp-json\/wp\/v2\/product_tag?post=1679"}],"curies":[{"name":"wp","href":"https:\/\/api.w.org\/{rel}","templated":true}]}}