{"id":1578,"date":"2024-11-27T20:55:56","date_gmt":"2024-11-27T19:55:56","guid":{"rendered":"https:\/\/my.kustom.ch\/raiffeisen\/?post_type=product&#038;p=1578"},"modified":"2024-12-02T08:25:57","modified_gmt":"2024-12-02T07:25:57","slug":"cutter-buck-stealth-jacket-men","status":"publish","type":"product","link":"https:\/\/my.kustom.ch\/raiffeisen\/produkt\/cutter-buck-stealth-jacket-men\/","title":{"rendered":"Cutter &#038; Buck Stealth Jacket Men"},"content":{"rendered":"<p>Bei der Hybridjacke Stealth treffen Sport und Casual aufeinander, es ist eine Kreuzung von Jacke und Sweatshirt. \u00c4rmel und R\u00fccken aus leichtem und weichem Powerstretch, verbunden mit einer leicht gef\u00fctterten Weste, die vor Wind sch\u00fctzt und angenehm warm h\u00e4lt. Passt perfekt \u00fcber ein Hemd, ein Polo oder einfach als Ersatz f\u00fcr den Sweater.<br \/>\nAussenmaterial 1: 89% Polyester, 11% Elasthan; Aussenmaterial 2: 100% Polyester; F\u00fcllung: 100% Polyester<\/p>\n","protected":false},"excerpt":{"rendered":"<p>Farbe: weiss<\/p>\n","protected":false},"featured_media":1402,"template":"","meta":[],"product_brand":[],"product_cat":[15],"product_tag":[],"class_list":{"0":"post-1578","1":"product","2":"type-product","3":"status-publish","4":"has-post-thumbnail","6":"product_cat-unkategorisiert","8":"first","9":"instock","10":"taxable","11":"shipping-taxable","12":"purchasable","13":"product-type-variable"},"_links":{"self":[{"href":"https:\/\/my.kustom.ch\/raiffeisen\/wp-json\/wp\/v2\/product\/1578","targetHints":{"allow":["GET"]}}],"collection":[{"href":"https:\/\/my.kustom.ch\/raiffeisen\/wp-json\/wp\/v2\/product"}],"about":[{"href":"https:\/\/my.kustom.ch\/raiffeisen\/wp-json\/wp\/v2\/types\/product"}],"wp:featuredmedia":[{"embeddable":true,"href":"https:\/\/my.kustom.ch\/raiffeisen\/wp-json\/wp\/v2\/media\/1402"}],"wp:attachment":[{"href":"https:\/\/my.kustom.ch\/raiffeisen\/wp-json\/wp\/v2\/media?parent=1578"}],"wp:term":[{"taxonomy":"product_brand","embeddable":true,"href":"https:\/\/my.kustom.ch\/raiffeisen\/wp-json\/wp\/v2\/product_brand?post=1578"},{"taxonomy":"product_cat","embeddable":true,"href":"https:\/\/my.kustom.ch\/raiffeisen\/wp-json\/wp\/v2\/product_cat?post=1578"},{"taxonomy":"product_tag","embeddable":true,"href":"https:\/\/my.kustom.ch\/raiffeisen\/wp-json\/wp\/v2\/product_tag?post=1578"}],"curies":[{"name":"wp","href":"https:\/\/api.w.org\/{rel}","templated":true}]}}