{"id":1548,"date":"2024-11-27T20:55:54","date_gmt":"2024-11-27T19:55:54","guid":{"rendered":"https:\/\/my.kustom.ch\/raiffeisen\/?post_type=product&#038;p=1548"},"modified":"2024-12-02T08:19:54","modified_gmt":"2024-12-02T07:19:54","slug":"cutter-buck-snoqualmie-vest-women","status":"publish","type":"product","link":"https:\/\/my.kustom.ch\/raiffeisen\/produkt\/cutter-buck-snoqualmie-vest-women\/","title":{"rendered":"Cutter &#038; Buck Snoqualmie Vest Women"},"content":{"rendered":"<p>Die C&amp;B DryTec Cotton +35 UV Schutz Verarbeitung bietet eine weiche Haptik mit einem Hauch von Stretch und einen guten Feuchtigkeitsabtransport, was dieses Polo zu einem begehrten Kleidungsst\u00fcck macht. Abgerundete N\u00e4hte an den Schultern f\u00fcr eine bessere, modernere Passform.<br \/>\nMaterial: 92% Polyester, 8% Elasthan<\/p>\n","protected":false},"excerpt":{"rendered":"<p>Farbe: schwarz<\/p>\n","protected":false},"featured_media":1406,"template":"","meta":[],"product_brand":[],"product_cat":[15],"product_tag":[],"class_list":{"0":"post-1548","1":"product","2":"type-product","3":"status-publish","4":"has-post-thumbnail","6":"product_cat-unkategorisiert","8":"first","9":"instock","10":"taxable","11":"shipping-taxable","12":"purchasable","13":"product-type-variable"},"_links":{"self":[{"href":"https:\/\/my.kustom.ch\/raiffeisen\/wp-json\/wp\/v2\/product\/1548","targetHints":{"allow":["GET"]}}],"collection":[{"href":"https:\/\/my.kustom.ch\/raiffeisen\/wp-json\/wp\/v2\/product"}],"about":[{"href":"https:\/\/my.kustom.ch\/raiffeisen\/wp-json\/wp\/v2\/types\/product"}],"wp:featuredmedia":[{"embeddable":true,"href":"https:\/\/my.kustom.ch\/raiffeisen\/wp-json\/wp\/v2\/media\/1406"}],"wp:attachment":[{"href":"https:\/\/my.kustom.ch\/raiffeisen\/wp-json\/wp\/v2\/media?parent=1548"}],"wp:term":[{"taxonomy":"product_brand","embeddable":true,"href":"https:\/\/my.kustom.ch\/raiffeisen\/wp-json\/wp\/v2\/product_brand?post=1548"},{"taxonomy":"product_cat","embeddable":true,"href":"https:\/\/my.kustom.ch\/raiffeisen\/wp-json\/wp\/v2\/product_cat?post=1548"},{"taxonomy":"product_tag","embeddable":true,"href":"https:\/\/my.kustom.ch\/raiffeisen\/wp-json\/wp\/v2\/product_tag?post=1548"}],"curies":[{"name":"wp","href":"https:\/\/api.w.org\/{rel}","templated":true}]}}